{"id":117520,"date":"2025-11-26T14:52:00","date_gmt":"2025-11-26T14:52:00","guid":{"rendered":"https:\/\/oskargold.com.mk\/product\/marlena-outdoor-lounge-pakoworld-beige-aluminum-with-light-grey-fabric\/"},"modified":"2025-11-26T14:52:06","modified_gmt":"2025-11-26T14:52:06","slug":"marlena-outdoor-lounge-pakoworld-beige-aluminum-with-light-grey-fabric","status":"publish","type":"product","link":"https:\/\/oskargold.com.mk\/mk\/product\/marlena-outdoor-lounge-pakoworld-beige-aluminum-with-light-grey-fabric\/","title":{"rendered":"Marlena outdoor lounge pakoworld beige aluminum with light grey fabric"},"content":{"rendered":"<p>Create the perfect outdoor relaxation oasis with this elegant and functional furniture set.<br \/>\nDesigned for comfort and durability, it&#8217;s the ideal choice for enjoying sunny days and cool evenings in your garden, patio, or backyard.<br \/><strong><br \/>\nThe Marlena set includes:<br \/><\/strong><\/p>\n<ul>\n<li>\n\t2 Armchairs\n\t<\/li>\n<li>\n\t1 Three-seater Sofa\n\t<\/li>\n<li>\n\t1 Coffee Table\n\t<\/li>\n<\/ul>\n<p><strong>\u0422\u0435\u0445\u043d\u0438\u0447\u043a\u0438 \u0441\u043f\u0435\u0446\u0438\u0444\u0438\u043a\u0430\u0446\u0438\u0438:<\/strong><\/p>\n<ul>\n<li>\n\tFrame made of aluminum in a beige finish, offering excellent resistance to wear and time.\n\t<\/li>\n<li>\n\tThe two armchairs and the three-seater sofa are upholstered in premium-quality light grey fabric.\n\t<\/li>\n<li>\n\tIncludes seat and back cushions for both the chairs and the sofa, providing the comfort you need.\n\t<\/li>\n<li>\n\tCushion fabric is made of high-quality 340gsm polyester.\n\t<\/li>\n<li>\n\tThe coffee table is also made of aluminum in beige.\n\t<\/li>\n<\/ul>\n<p><strong>\u0414\u0438\u043c\u0435\u043d\u0437\u0438\u0438 \u043d\u0430 \u043f\u0440\u043e\u0438\u0437\u0432\u043e\u0434\u043e\u0442:<\/strong><br \/>\n<strong>\u0421\u043e\u0444\u0430:<\/strong><\/p>\n<ul>\n<li>\n\tLength: 212 cm\n\t<\/li>\n<li>\n\tWidth: 81.5 cm\n\t<\/li>\n<li>\n\t\u0412\u0438\u0441\u0438\u043d\u0430: 64 \u0441\u043c<\/p>\n<\/li>\n<\/ul>\n<p><strong>\u0424\u043e\u0442\u0435\u043b\u0458\u0430:<\/strong><\/p>\n<ul>\n<li>\n\t\u0414\u043e\u043b\u0436\u0438\u043d\u0430: 76 \u0441\u043c\n\t<\/li>\n<li>\n\tWidth: 81.5 cm\n\t<\/li>\n<li>\n\t\u0412\u0438\u0441\u0438\u043d\u0430: 64 \u0441\u043c<\/p>\n<\/li>\n<\/ul>\n<p><strong>\u041c\u0430\u0441\u0438\u0447\u043a\u0430 \u0437\u0430 \u043a\u0430\u0444\u0435:<\/strong><\/p>\n<ul>\n<li>\n\t\u0414\u043e\u043b\u0436\u0438\u043d\u0430: 120 \u0441\u043c\n\t<\/li>\n<li>\n\tWidth: 66.1 cm\n\t<\/li>\n<li>\n\tHeight: 37.5 cm\n\t<\/li>\n<\/ul>\n<p>Main tube dimensions: 60\u00d715\u00d71.2 cm, 50\u00d720\u00d71.2 cm\n<\/p>\n<ul>\n<\/ul>\n<p><strong>\u0411\u0435\u043b\u0435\u0448\u043a\u0438:<\/strong><\/p>\n<ul>\n<li>\n\t\u041f\u0440\u043e\u0438\u0437\u0432\u043e\u0434\u043e\u0442 \u0441\u0435 \u0438\u0441\u043f\u043e\u0440\u0430\u0447\u0443\u0432\u0430 \u043d\u0435\u043c\u043e\u043d\u0442\u0438\u0440\u0430\u043d, \u0432\u043e \u0444\u0430\u0431\u0440\u0438\u0447\u043a\u043e \u043f\u0430\u043a\u0443\u0432\u0430\u045a\u0435 \u0438 \u0432\u043a\u043b\u0443\u0447\u0443\u0432\u0430 \u0434\u0435\u0442\u0430\u043b\u043d\u043e \u0443\u043f\u0430\u0442\u0441\u0442\u0432\u043e \u0437\u0430 \u0441\u043a\u043b\u043e\u043f\u0443\u0432\u0430\u045a\u0435.\n\t<\/li>\n<li>\n\tThe actual color shade of the product may slightly vary from its photographic representation on your screen.<\/li>\n<\/ul>","protected":false},"excerpt":{"rendered":"<p>\u041a\/\u0414: \u0414\u0410 <\/p>\n<p> \u043d\u0430\u0441\u043a\u043e\u0440\u043e<\/p>","protected":false},"featured_media":117521,"comment_status":"closed","ping_status":"open","template":"","meta":[],"product_brand":[],"product_cat":[3002,83],"product_tag":[],"class_list":{"0":"post-117520","1":"product","2":"type-product","3":"status-publish","4":"has-post-thumbnail","6":"product_cat-garden-lounge-sets","7":"product_cat-outdoor-furniture","8":"pa_cbm-package-1-251","9":"pa_cbm-pcs-1-251","10":"pa_dimension-package-214x88x72","11":"pa_gross-weight-65-7","12":"pa_height-product-64-64-64-37-5","13":"pa_k-d-yes","14":"pa_lenght-product-76-76-212-120","15":"pa_material-aluminum-fabric-pp-cotton-sponge","16":"pa_net-weight-product-5776","17":"pa_number-product-package-270","18":"pa_package-pcs-257","19":"pa_volume-weight-product-250-109","20":"pa_width-product-81-5-81-5-81-5-66-1","22":"first","23":"onbackorder","24":"shipping-taxable","25":"purchasable","26":"product-type-simple"},"_links":{"self":[{"href":"https:\/\/oskargold.com.mk\/mk\/wp-json\/wp\/v2\/product\/117520","targetHints":{"allow":["GET"]}}],"collection":[{"href":"https:\/\/oskargold.com.mk\/mk\/wp-json\/wp\/v2\/product"}],"about":[{"href":"https:\/\/oskargold.com.mk\/mk\/wp-json\/wp\/v2\/types\/product"}],"replies":[{"embeddable":true,"href":"https:\/\/oskargold.com.mk\/mk\/wp-json\/wp\/v2\/comments?post=117520"}],"version-history":[{"count":0,"href":"https:\/\/oskargold.com.mk\/mk\/wp-json\/wp\/v2\/product\/117520\/revisions"}],"wp:featuredmedia":[{"embeddable":true,"href":"https:\/\/oskargold.com.mk\/mk\/wp-json\/wp\/v2\/media\/117521"}],"wp:attachment":[{"href":"https:\/\/oskargold.com.mk\/mk\/wp-json\/wp\/v2\/media?parent=117520"}],"wp:term":[{"taxonomy":"product_brand","embeddable":true,"href":"https:\/\/oskargold.com.mk\/mk\/wp-json\/wp\/v2\/product_brand?post=117520"},{"taxonomy":"product_cat","embeddable":true,"href":"https:\/\/oskargold.com.mk\/mk\/wp-json\/wp\/v2\/product_cat?post=117520"},{"taxonomy":"product_tag","embeddable":true,"href":"https:\/\/oskargold.com.mk\/mk\/wp-json\/wp\/v2\/product_tag?post=117520"}],"curies":[{"name":"wp","href":"https:\/\/api.w.org\/{rel}","templated":true}]}}